{"id":5,"date":"2023-04-07T15:19:50","date_gmt":"2023-04-07T14:19:50","guid":{"rendered":"http:\/\/highborn-arabians.de\/?page_id=5"},"modified":"2024-07-11T11:17:06","modified_gmt":"2024-07-11T10:17:06","slug":"home","status":"publish","type":"page","link":"http:\/\/highborn-arabians.de\/","title":{"rendered":"Home"},"content":{"rendered":"\t\t<div data-elementor-type=\"wp-page\" data-elementor-id=\"5\" class=\"elementor elementor-5\">\n\t\t\t\t\t\t\t\t\t<section class=\"elementor-section elementor-top-section elementor-element elementor-element-5ec6b08 elementor-section-boxed elementor-section-height-default elementor-section-height-default\" data-id=\"5ec6b08\" data-element_type=\"section\" data-settings=\"{&quot;background_background&quot;:&quot;classic&quot;}\">\n\t\t\t\t\t\t\t<div class=\"elementor-background-overlay\"><\/div>\n\t\t\t\t\t\t\t<div class=\"elementor-container elementor-column-gap-default\">\n\t\t\t\t\t<div class=\"elementor-column elementor-col-100 elementor-top-column elementor-element elementor-element-dc8acec\" data-id=\"dc8acec\" data-element_type=\"column\">\n\t\t\t<div class=\"elementor-widget-wrap\">\n\t\t\t\t\t\t\t\t\t<\/div>\n\t\t<\/div>\n\t\t\t\t\t\t\t<\/div>\n\t\t<\/section>\n\t\t\t\t<section class=\"elementor-section elementor-top-section elementor-element elementor-element-d0e0f56 elementor-section-boxed elementor-section-height-default elementor-section-height-default\" data-id=\"d0e0f56\" data-element_type=\"section\" data-settings=\"{&quot;background_background&quot;:&quot;classic&quot;}\">\n\t\t\t\t\t\t<div class=\"elementor-container elementor-column-gap-default\">\n\t\t\t\t\t<div class=\"elementor-column elementor-col-100 elementor-top-column elementor-element elementor-element-bc8ae19\" data-id=\"bc8ae19\" data-element_type=\"column\">\n\t\t\t<div class=\"elementor-widget-wrap elementor-element-populated\">\n\t\t\t\t\t\t\t\t<div class=\"elementor-element elementor-element-e8759a2 elementor-widget elementor-widget-heading\" data-id=\"e8759a2\" data-element_type=\"widget\" data-widget_type=\"heading.default\">\n\t\t\t\t<div class=\"elementor-widget-container\">\n\t\t\t<style>\/*! elementor - v3.16.0 - 20-09-2023 *\/\n.elementor-heading-title{padding:0;margin:0;line-height:1}.elementor-widget-heading .elementor-heading-title[class*=elementor-size-]>a{color:inherit;font-size:inherit;line-height:inherit}.elementor-widget-heading .elementor-heading-title.elementor-size-small{font-size:15px}.elementor-widget-heading .elementor-heading-title.elementor-size-medium{font-size:19px}.elementor-widget-heading .elementor-heading-title.elementor-size-large{font-size:29px}.elementor-widget-heading .elementor-heading-title.elementor-size-xl{font-size:39px}.elementor-widget-heading .elementor-heading-title.elementor-size-xxl{font-size:59px}<\/style><h2 class=\"elementor-heading-title elementor-size-default\">Highborn Arabians - Home<\/h2>\t\t<\/div>\n\t\t\t\t<\/div>\n\t\t\t\t\t<\/div>\n\t\t<\/div>\n\t\t\t\t\t\t\t<\/div>\n\t\t<\/section>\n\t\t\t\t<section class=\"elementor-section elementor-top-section elementor-element elementor-element-4ac22cd elementor-section-boxed elementor-section-height-default elementor-section-height-default\" data-id=\"4ac22cd\" data-element_type=\"section\">\n\t\t\t\t\t\t<div class=\"elementor-container elementor-column-gap-default\">\n\t\t\t\t\t<div class=\"elementor-column elementor-col-100 elementor-top-column elementor-element elementor-element-e4e7226\" data-id=\"e4e7226\" data-element_type=\"column\">\n\t\t\t<div class=\"elementor-widget-wrap elementor-element-populated\">\n\t\t\t\t\t\t\t\t<div class=\"elementor-element elementor-element-b3cceb0 elementor-widget elementor-widget-text-editor\" data-id=\"b3cceb0\" data-element_type=\"widget\" data-widget_type=\"text-editor.default\">\n\t\t\t\t<div class=\"elementor-widget-container\">\n\t\t\t<style>\/*! elementor - v3.16.0 - 20-09-2023 *\/\n.elementor-widget-text-editor.elementor-drop-cap-view-stacked .elementor-drop-cap{background-color:#69727d;color:#fff}.elementor-widget-text-editor.elementor-drop-cap-view-framed .elementor-drop-cap{color:#69727d;border:3px solid;background-color:transparent}.elementor-widget-text-editor:not(.elementor-drop-cap-view-default) .elementor-drop-cap{margin-top:8px}.elementor-widget-text-editor:not(.elementor-drop-cap-view-default) .elementor-drop-cap-letter{width:1em;height:1em}.elementor-widget-text-editor .elementor-drop-cap{float:left;text-align:center;line-height:1;font-size:50px}.elementor-widget-text-editor .elementor-drop-cap-letter{display:inline-block}<\/style>\t\t\t\t<p>\u00a0270 m \u00fcber dem Meere auf einer sich an den Kloppberg anlehnenden Hochebene im rheinhessischen H\u00fcgelland Nahe Alzey liegt unser kleines Gest\u00fct inmitten von Weinbergen.<\/p><p>Das Ziel unserer Zucht sind gesunde, charismatische und bis ins hohe Alter leistungsf\u00e4hige Pferde. Ein guter menschenbezogener Charakter, korrekter K\u00f6rperbau und Nervenst\u00e4rke sind die unabdingbaren Voraussetzungen f\u00fcr den Zuchteinsatz in unserem Gest\u00fct, ein exotisches Gesicht, viel Abzeichen und Pigment der Extrawunsch f\u00fcr unsere Nachzuchten.<\/p><p>Daher haben wir uns auf die Zucht russischer Vollblutaraber spezialisiert, die f\u00fcr uns der Inbegriff von H\u00e4rte, Ausdauer, Leistungsbereitschaft, gutem stabilem K\u00f6rperbau und Coolness darstellen. Die russischen Blutlinien wurden jahrzehntelang auf Leistung selektiert und auf der Rennbahn gepr\u00fcft.<\/p><p>Ganz besonders stolz sind wir auf unsere rein russischen Vollblutaraber in Rappfarbe von denen wir mit inzwischen 6 Stuten und einem rein russischen Rapphengst nach derzeitigem Wissensstand ein Monopol in ganz Europa haben.<\/p><p>\u00a0<\/p>\t\t\t\t\t\t<\/div>\n\t\t\t\t<\/div>\n\t\t\t\t<div class=\"elementor-element elementor-element-4513130 elementor-align-center elementor-widget elementor-widget-button\" data-id=\"4513130\" data-element_type=\"widget\" data-widget_type=\"button.default\">\n\t\t\t\t<div class=\"elementor-widget-container\">\n\t\t\t\t\t<div class=\"elementor-button-wrapper\">\n\t\t\t<a class=\"elementor-button elementor-button-link elementor-size-lg\" href=\"http:\/\/highborn-arabians.de\/?page_id=684\">\n\t\t\t\t\t\t<span class=\"elementor-button-content-wrapper\">\n\t\t\t\t\t\t<span class=\"elementor-button-text\">Wir haben derzeit Pferde zu verkaufen, schauen Sie rein!<\/span>\n\t\t<\/span>\n\t\t\t\t\t<\/a>\n\t\t<\/div>\n\t\t\t\t<\/div>\n\t\t\t\t<\/div>\n\t\t\t\t\t<\/div>\n\t\t<\/div>\n\t\t\t\t\t\t\t<\/div>\n\t\t<\/section>\n\t\t\t\t<section class=\"elementor-section elementor-top-section elementor-element elementor-element-3242360 elementor-section-boxed elementor-section-height-default elementor-section-height-default\" data-id=\"3242360\" data-element_type=\"section\">\n\t\t\t\t\t\t<div class=\"elementor-container elementor-column-gap-default\">\n\t\t\t\t\t<div class=\"elementor-column elementor-col-100 elementor-top-column elementor-element elementor-element-c590b85\" data-id=\"c590b85\" data-element_type=\"column\">\n\t\t\t<div class=\"elementor-widget-wrap elementor-element-populated\">\n\t\t\t\t\t\t\t\t<section class=\"elementor-section elementor-inner-section elementor-element elementor-element-9ba12bd elementor-section-boxed elementor-section-height-default elementor-section-height-default\" data-id=\"9ba12bd\" data-element_type=\"section\">\n\t\t\t\t\t\t<div class=\"elementor-container elementor-column-gap-default\">\n\t\t\t\t\t<div class=\"elementor-column elementor-col-33 elementor-inner-column elementor-element elementor-element-fd23c26\" data-id=\"fd23c26\" data-element_type=\"column\">\n\t\t\t<div class=\"elementor-widget-wrap elementor-element-populated\">\n\t\t\t\t\t\t\t\t<div class=\"elementor-element elementor-element-b3c980e elementor-widget elementor-widget-image\" data-id=\"b3c980e\" data-element_type=\"widget\" data-widget_type=\"image.default\">\n\t\t\t\t<div class=\"elementor-widget-container\">\n\t\t\t<style>\/*! elementor - v3.16.0 - 20-09-2023 *\/\n.elementor-widget-image{text-align:center}.elementor-widget-image a{display:inline-block}.elementor-widget-image a img[src$=\".svg\"]{width:48px}.elementor-widget-image img{vertical-align:middle;display:inline-block}<\/style>\t\t\t\t\t\t\t\t\t\t\t\t<img loading=\"lazy\" decoding=\"async\" width=\"331\" height=\"300\" src=\"http:\/\/highborn-arabians.de\/wp-content\/uploads\/2023\/04\/Selina-Salzkotten-14.jpg\" class=\"attachment-medium_large size-medium_large wp-image-369\" alt=\"\" srcset=\"http:\/\/highborn-arabians.de\/wp-content\/uploads\/2023\/04\/Selina-Salzkotten-14.jpg 331w, http:\/\/highborn-arabians.de\/wp-content\/uploads\/2023\/04\/Selina-Salzkotten-14-300x272.jpg 300w\" sizes=\"auto, (max-width: 331px) 100vw, 331px\" \/>\t\t\t\t\t\t\t\t\t\t\t\t\t\t\t<\/div>\n\t\t\t\t<\/div>\n\t\t\t\t\t<\/div>\n\t\t<\/div>\n\t\t\t\t<div class=\"elementor-column elementor-col-33 elementor-inner-column elementor-element elementor-element-30ac24a\" data-id=\"30ac24a\" data-element_type=\"column\">\n\t\t\t<div class=\"elementor-widget-wrap elementor-element-populated\">\n\t\t\t\t\t\t\t\t<div class=\"elementor-element elementor-element-5648da9 elementor-widget elementor-widget-image\" data-id=\"5648da9\" data-element_type=\"widget\" data-widget_type=\"image.default\">\n\t\t\t\t<div class=\"elementor-widget-container\">\n\t\t\t\t\t\t\t\t\t\t\t\t\t\t\t<img loading=\"lazy\" decoding=\"async\" width=\"550\" height=\"493\" src=\"http:\/\/highborn-arabians.de\/wp-content\/uploads\/2023\/04\/Taziri0625.jpg\" class=\"attachment-medium_large size-medium_large wp-image-419\" alt=\"\" srcset=\"http:\/\/highborn-arabians.de\/wp-content\/uploads\/2023\/04\/Taziri0625.jpg 550w, http:\/\/highborn-arabians.de\/wp-content\/uploads\/2023\/04\/Taziri0625-300x269.jpg 300w\" sizes=\"auto, (max-width: 550px) 100vw, 550px\" \/>\t\t\t\t\t\t\t\t\t\t\t\t\t\t\t<\/div>\n\t\t\t\t<\/div>\n\t\t\t\t\t<\/div>\n\t\t<\/div>\n\t\t\t\t<div class=\"elementor-column elementor-col-33 elementor-inner-column elementor-element elementor-element-1562441\" data-id=\"1562441\" data-element_type=\"column\">\n\t\t\t<div class=\"elementor-widget-wrap elementor-element-populated\">\n\t\t\t\t\t\t\t\t<div class=\"elementor-element elementor-element-28b3690 elementor-widget elementor-widget-image\" data-id=\"28b3690\" data-element_type=\"widget\" data-widget_type=\"image.default\">\n\t\t\t\t<div class=\"elementor-widget-container\">\n\t\t\t\t\t\t\t\t\t\t\t\t\t\t\t<img loading=\"lazy\" decoding=\"async\" width=\"351\" height=\"286\" src=\"http:\/\/highborn-arabians.de\/wp-content\/uploads\/2023\/04\/Pandora3363k.jpg\" class=\"attachment-medium_large size-medium_large wp-image-303\" alt=\"\" srcset=\"http:\/\/highborn-arabians.de\/wp-content\/uploads\/2023\/04\/Pandora3363k.jpg 351w, http:\/\/highborn-arabians.de\/wp-content\/uploads\/2023\/04\/Pandora3363k-300x244.jpg 300w\" sizes=\"auto, (max-width: 351px) 100vw, 351px\" \/>\t\t\t\t\t\t\t\t\t\t\t\t\t\t\t<\/div>\n\t\t\t\t<\/div>\n\t\t\t\t\t<\/div>\n\t\t<\/div>\n\t\t\t\t\t\t\t<\/div>\n\t\t<\/section>\n\t\t\t\t\t<\/div>\n\t\t<\/div>\n\t\t\t\t\t\t\t<\/div>\n\t\t<\/section>\n\t\t\t\t<section class=\"elementor-section elementor-top-section elementor-element elementor-element-309188b elementor-section-boxed elementor-section-height-default elementor-section-height-default\" data-id=\"309188b\" data-element_type=\"section\">\n\t\t\t\t\t\t<div class=\"elementor-container elementor-column-gap-default\">\n\t\t\t\t\t<div class=\"elementor-column elementor-col-100 elementor-top-column elementor-element elementor-element-00dc520\" data-id=\"00dc520\" data-element_type=\"column\">\n\t\t\t<div class=\"elementor-widget-wrap elementor-element-populated\">\n\t\t\t\t\t\t\t\t<div class=\"elementor-element elementor-element-8b26109 elementor-widget elementor-widget-text-editor\" data-id=\"8b26109\" data-element_type=\"widget\" data-widget_type=\"text-editor.default\">\n\t\t\t\t<div class=\"elementor-widget-container\">\n\t\t\t\t\t\t\t<p>Haben Sie auch den Traum vom schwarzen Araber der auch noch leistungsbereit und menschenbezogen sein soll?<\/p><p>M\u00f6chten Sie ein lesitungsbereites, nervenstarkes Pferd mit solidem Geb\u00e4ude f\u00fcr Freizeit und Sport <br \/>und kein Showp\u00fcppchen, das vor jedem Grashalm im Wind erschrickt?<\/p><p>Besuchen Sie uns und finden Sie ihr Traumpferd!<\/p>\t\t\t\t\t\t<\/div>\n\t\t\t\t<\/div>\n\t\t\t\t\t<\/div>\n\t\t<\/div>\n\t\t\t\t\t\t\t<\/div>\n\t\t<\/section>\n\t\t\t\t\t\t\t<\/div>\n\t\t","protected":false},"excerpt":{"rendered":"<p>Highborn Arabians &#8211; Home \u00a0270 m \u00fcber dem Meere auf einer sich an den Kloppberg anlehnenden Hochebene im rheinhessischen H\u00fcgelland Nahe Alzey liegt unser kleines Gest\u00fct inmitten von Weinbergen. Das Ziel unserer Zucht sind gesunde, charismatische und bis ins hohe Alter leistungsf\u00e4hige Pferde. Ein guter menschenbezogener Charakter, korrekter K\u00f6rperbau und Nervenst\u00e4rke sind die unabdingbaren Voraussetzungen &hellip;<\/p>\n<p class=\"read-more\"> <a class=\"\" href=\"http:\/\/highborn-arabians.de\/\"> <span class=\"screen-reader-text\">Home<\/span> Weiterlesen &raquo;<\/a><\/p>\n","protected":false},"author":1,"featured_media":1080,"parent":0,"menu_order":0,"comment_status":"closed","ping_status":"closed","template":"","meta":{"site-sidebar-layout":"no-sidebar","site-content-layout":"page-builder","ast-global-header-display":"","ast-main-header-display":"","ast-hfb-above-header-display":"","ast-hfb-below-header-display":"","ast-hfb-mobile-header-display":"","site-post-title":"disabled","ast-breadcrumbs-content":"","ast-featured-img":"disabled","footer-sml-layout":"","theme-transparent-header-meta":"","adv-header-id-meta":"","stick-header-meta":"","header-above-stick-meta":"","header-main-stick-meta":"","header-below-stick-meta":"","footnotes":""},"class_list":["post-5","page","type-page","status-publish","has-post-thumbnail","hentry"],"yoast_head":"<!-- This site is optimized with the Yoast SEO plugin v23.0 - https:\/\/yoast.com\/wordpress\/plugins\/seo\/ -->\n<title>Russische Vollblutaraber in Rappfarbe kaufen<\/title>\n<meta name=\"description\" content=\"Entdecken Sie die Sch\u00f6nheit und Eleganz der russischen Vollblutaraber in Rappfarbe. Kaufen Sie diese edlen Pferde und profitieren Sie von...\" \/>\n<meta name=\"robots\" content=\"index, follow, max-snippet:-1, max-image-preview:large, max-video-preview:-1\" \/>\n<link rel=\"canonical\" href=\"http:\/\/highborn-arabians.de\/\" \/>\n<meta property=\"og:locale\" content=\"de_DE\" \/>\n<meta property=\"og:type\" content=\"article\" \/>\n<meta property=\"og:title\" content=\"Russische Vollblutaraber in Rappfarbe kaufen\" \/>\n<meta property=\"og:description\" content=\"Entdecken Sie die Sch\u00f6nheit und Eleganz der russischen Vollblutaraber in Rappfarbe. Kaufen Sie diese edlen Pferde und profitieren Sie von...\" \/>\n<meta property=\"og:url\" content=\"http:\/\/highborn-arabians.de\/\" \/>\n<meta property=\"og:site_name\" content=\"Highborn Arabians\" \/>\n<meta property=\"article:modified_time\" content=\"2024-07-11T10:17:06+00:00\" \/>\n<meta property=\"og:image\" content=\"http:\/\/highborn-arabians.de\/wp-content\/uploads\/2024\/07\/DSC_0728_FB-scaled.jpg\" \/>\n\t<meta property=\"og:image:width\" content=\"2560\" \/>\n\t<meta property=\"og:image:height\" content=\"1763\" \/>\n\t<meta property=\"og:image:type\" content=\"image\/jpeg\" \/>\n<meta name=\"twitter:card\" content=\"summary_large_image\" \/>\n<meta name=\"twitter:label1\" content=\"Gesch\u00e4tzte Lesezeit\" \/>\n\t<meta name=\"twitter:data1\" content=\"2\u00a0Minuten\" \/>\n<script type=\"application\/ld+json\" class=\"yoast-schema-graph\">{\"@context\":\"https:\/\/schema.org\",\"@graph\":[{\"@type\":\"WebPage\",\"@id\":\"http:\/\/highborn-arabians.de\/\",\"url\":\"http:\/\/highborn-arabians.de\/\",\"name\":\"Russische Vollblutaraber in Rappfarbe kaufen\",\"isPartOf\":{\"@id\":\"https:\/\/highborn-arabians.de\/#website\"},\"primaryImageOfPage\":{\"@id\":\"http:\/\/highborn-arabians.de\/#primaryimage\"},\"image\":{\"@id\":\"http:\/\/highborn-arabians.de\/#primaryimage\"},\"thumbnailUrl\":\"http:\/\/highborn-arabians.de\/wp-content\/uploads\/2024\/07\/DSC_0728_FB-scaled.jpg\",\"datePublished\":\"2023-04-07T14:19:50+00:00\",\"dateModified\":\"2024-07-11T10:17:06+00:00\",\"description\":\"Entdecken Sie die Sch\u00f6nheit und Eleganz der russischen Vollblutaraber in Rappfarbe. Kaufen Sie diese edlen Pferde und profitieren Sie von...\",\"breadcrumb\":{\"@id\":\"http:\/\/highborn-arabians.de\/#breadcrumb\"},\"inLanguage\":\"de\",\"potentialAction\":[{\"@type\":\"ReadAction\",\"target\":[\"http:\/\/highborn-arabians.de\/\"]}]},{\"@type\":\"ImageObject\",\"inLanguage\":\"de\",\"@id\":\"http:\/\/highborn-arabians.de\/#primaryimage\",\"url\":\"http:\/\/highborn-arabians.de\/wp-content\/uploads\/2024\/07\/DSC_0728_FB-scaled.jpg\",\"contentUrl\":\"http:\/\/highborn-arabians.de\/wp-content\/uploads\/2024\/07\/DSC_0728_FB-scaled.jpg\",\"width\":2560,\"height\":1763,\"caption\":\"Russische Vollblutaraber in Rappfarbe\"},{\"@type\":\"BreadcrumbList\",\"@id\":\"http:\/\/highborn-arabians.de\/#breadcrumb\",\"itemListElement\":[{\"@type\":\"ListItem\",\"position\":1,\"name\":\"Startseite\",\"item\":\"http:\/\/highborn-arabians.de\/\"},{\"@type\":\"ListItem\",\"position\":2,\"name\":\"Home\"}]},{\"@type\":\"WebSite\",\"@id\":\"https:\/\/highborn-arabians.de\/#website\",\"url\":\"https:\/\/highborn-arabians.de\/\",\"name\":\"Highborn Arabians\",\"description\":\"\",\"publisher\":{\"@id\":\"https:\/\/highborn-arabians.de\/#organization\"},\"potentialAction\":[{\"@type\":\"SearchAction\",\"target\":{\"@type\":\"EntryPoint\",\"urlTemplate\":\"https:\/\/highborn-arabians.de\/?s={search_term_string}\"},\"query-input\":\"required name=search_term_string\"}],\"inLanguage\":\"de\"},{\"@type\":\"Organization\",\"@id\":\"https:\/\/highborn-arabians.de\/#organization\",\"name\":\"Highborn Arabians\",\"url\":\"https:\/\/highborn-arabians.de\/\",\"logo\":{\"@type\":\"ImageObject\",\"inLanguage\":\"de\",\"@id\":\"https:\/\/highborn-arabians.de\/#\/schema\/logo\/image\/\",\"url\":\"http:\/\/highborn-arabians.de\/wp-content\/uploads\/2023\/04\/cropped-Highborn-Arabians-klein.jpg\",\"contentUrl\":\"http:\/\/highborn-arabians.de\/wp-content\/uploads\/2023\/04\/cropped-Highborn-Arabians-klein.jpg\",\"width\":224,\"height\":315,\"caption\":\"Highborn Arabians\"},\"image\":{\"@id\":\"https:\/\/highborn-arabians.de\/#\/schema\/logo\/image\/\"}}]}<\/script>\n<!-- \/ Yoast SEO plugin. -->","yoast_head_json":{"title":"Russische Vollblutaraber in Rappfarbe kaufen","description":"Entdecken Sie die Sch\u00f6nheit und Eleganz der russischen Vollblutaraber in Rappfarbe. Kaufen Sie diese edlen Pferde und profitieren Sie von...","robots":{"index":"index","follow":"follow","max-snippet":"max-snippet:-1","max-image-preview":"max-image-preview:large","max-video-preview":"max-video-preview:-1"},"canonical":"http:\/\/highborn-arabians.de\/","og_locale":"de_DE","og_type":"article","og_title":"Russische Vollblutaraber in Rappfarbe kaufen","og_description":"Entdecken Sie die Sch\u00f6nheit und Eleganz der russischen Vollblutaraber in Rappfarbe. Kaufen Sie diese edlen Pferde und profitieren Sie von...","og_url":"http:\/\/highborn-arabians.de\/","og_site_name":"Highborn Arabians","article_modified_time":"2024-07-11T10:17:06+00:00","og_image":[{"width":2560,"height":1763,"url":"http:\/\/highborn-arabians.de\/wp-content\/uploads\/2024\/07\/DSC_0728_FB-scaled.jpg","type":"image\/jpeg"}],"twitter_card":"summary_large_image","twitter_misc":{"Gesch\u00e4tzte Lesezeit":"2\u00a0Minuten"},"schema":{"@context":"https:\/\/schema.org","@graph":[{"@type":"WebPage","@id":"http:\/\/highborn-arabians.de\/","url":"http:\/\/highborn-arabians.de\/","name":"Russische Vollblutaraber in Rappfarbe kaufen","isPartOf":{"@id":"https:\/\/highborn-arabians.de\/#website"},"primaryImageOfPage":{"@id":"http:\/\/highborn-arabians.de\/#primaryimage"},"image":{"@id":"http:\/\/highborn-arabians.de\/#primaryimage"},"thumbnailUrl":"http:\/\/highborn-arabians.de\/wp-content\/uploads\/2024\/07\/DSC_0728_FB-scaled.jpg","datePublished":"2023-04-07T14:19:50+00:00","dateModified":"2024-07-11T10:17:06+00:00","description":"Entdecken Sie die Sch\u00f6nheit und Eleganz der russischen Vollblutaraber in Rappfarbe. Kaufen Sie diese edlen Pferde und profitieren Sie von...","breadcrumb":{"@id":"http:\/\/highborn-arabians.de\/#breadcrumb"},"inLanguage":"de","potentialAction":[{"@type":"ReadAction","target":["http:\/\/highborn-arabians.de\/"]}]},{"@type":"ImageObject","inLanguage":"de","@id":"http:\/\/highborn-arabians.de\/#primaryimage","url":"http:\/\/highborn-arabians.de\/wp-content\/uploads\/2024\/07\/DSC_0728_FB-scaled.jpg","contentUrl":"http:\/\/highborn-arabians.de\/wp-content\/uploads\/2024\/07\/DSC_0728_FB-scaled.jpg","width":2560,"height":1763,"caption":"Russische Vollblutaraber in Rappfarbe"},{"@type":"BreadcrumbList","@id":"http:\/\/highborn-arabians.de\/#breadcrumb","itemListElement":[{"@type":"ListItem","position":1,"name":"Startseite","item":"http:\/\/highborn-arabians.de\/"},{"@type":"ListItem","position":2,"name":"Home"}]},{"@type":"WebSite","@id":"https:\/\/highborn-arabians.de\/#website","url":"https:\/\/highborn-arabians.de\/","name":"Highborn Arabians","description":"","publisher":{"@id":"https:\/\/highborn-arabians.de\/#organization"},"potentialAction":[{"@type":"SearchAction","target":{"@type":"EntryPoint","urlTemplate":"https:\/\/highborn-arabians.de\/?s={search_term_string}"},"query-input":"required name=search_term_string"}],"inLanguage":"de"},{"@type":"Organization","@id":"https:\/\/highborn-arabians.de\/#organization","name":"Highborn Arabians","url":"https:\/\/highborn-arabians.de\/","logo":{"@type":"ImageObject","inLanguage":"de","@id":"https:\/\/highborn-arabians.de\/#\/schema\/logo\/image\/","url":"http:\/\/highborn-arabians.de\/wp-content\/uploads\/2023\/04\/cropped-Highborn-Arabians-klein.jpg","contentUrl":"http:\/\/highborn-arabians.de\/wp-content\/uploads\/2023\/04\/cropped-Highborn-Arabians-klein.jpg","width":224,"height":315,"caption":"Highborn Arabians"},"image":{"@id":"https:\/\/highborn-arabians.de\/#\/schema\/logo\/image\/"}}]}},"_links":{"self":[{"href":"http:\/\/highborn-arabians.de\/index.php?rest_route=\/wp\/v2\/pages\/5","targetHints":{"allow":["GET"]}}],"collection":[{"href":"http:\/\/highborn-arabians.de\/index.php?rest_route=\/wp\/v2\/pages"}],"about":[{"href":"http:\/\/highborn-arabians.de\/index.php?rest_route=\/wp\/v2\/types\/page"}],"author":[{"embeddable":true,"href":"http:\/\/highborn-arabians.de\/index.php?rest_route=\/wp\/v2\/users\/1"}],"replies":[{"embeddable":true,"href":"http:\/\/highborn-arabians.de\/index.php?rest_route=%2Fwp%2Fv2%2Fcomments&post=5"}],"version-history":[{"count":64,"href":"http:\/\/highborn-arabians.de\/index.php?rest_route=\/wp\/v2\/pages\/5\/revisions"}],"predecessor-version":[{"id":988,"href":"http:\/\/highborn-arabians.de\/index.php?rest_route=\/wp\/v2\/pages\/5\/revisions\/988"}],"wp:featuredmedia":[{"embeddable":true,"href":"http:\/\/highborn-arabians.de\/index.php?rest_route=\/wp\/v2\/media\/1080"}],"wp:attachment":[{"href":"http:\/\/highborn-arabians.de\/index.php?rest_route=%2Fwp%2Fv2%2Fmedia&parent=5"}],"curies":[{"name":"wp","href":"https:\/\/api.w.org\/{rel}","templated":true}]}}